{"id":462,"date":"2025-01-12T08:48:37","date_gmt":"2025-01-12T12:48:37","guid":{"rendered":"https:\/\/www.sodofi.org\/ci-sodofi\/?page_id=462"},"modified":"2025-01-12T20:51:12","modified_gmt":"2025-01-13T00:51:12","slug":"comites","status":"publish","type":"page","link":"https:\/\/www.sodofi.org\/ci-sodofi\/es\/comites\/","title":{"rendered":"Comit\u00e9s"},"content":{"rendered":"\n<h2 class=\"wp-block-heading has-text-align-right\">Comit\u00e9s del VI CI-SoDoFi 2025<\/h2>\n\n\n\n<h3 class=\"wp-block-heading\">Comit\u00e9 Organizador<\/h3>\n\n\n\n<p><strong>Presidente:<\/strong><\/p>\n\n\n\n<p><em>Dr. Melvin Arias Polanco<\/em><br>Encargado del Laboratorio de Nanotecnolog\u00eda<br>Instituto Tecnol\u00f3gico de Santo Domingo (INTEC) &amp;<br>Vocal de SoDoFi &amp; Coordinador de la Divisi\u00f3n de Ciencias de Materiales de SoDoFi<\/p>\n\n\n\n<p><strong>Coordinador general:<\/strong><\/p>\n\n\n\n<p><em>Dra. Inna Samson<\/em><br>Encargada del Laboratorio de Energ\u00edas Alternativas<br>Instituto Tecnol\u00f3gico de Santo Domingo (INTEC)<br>Presidente de SoDoFi &amp; Coordinadora de la Divisi\u00f3n de Energ\u00eda de SoDoFi<\/p>\n\n\n\n<p><strong>Miembros:<\/strong><\/p>\n\n\n\n<div class=\"wp-block-columns is-layout-flex wp-container-core-columns-is-layout-9d6595d7 wp-block-columns-is-layout-flex\">\n<div class=\"wp-block-column is-layout-flow wp-block-column-is-layout-flow\">\n<p><em>Dra. Emma Encarnaci\u00f3n<\/em><br>Directora de la Escuela de F\u00edsica<br>Universidad Aut\u00f3noma de Santo Domingo (UASD) &amp; Editora del bolet\u00edn SoDoFi-Informativo<\/p>\n\n\n\n<p><em>Dr. Domingo P\u00e9rez<\/em> Veloz<br>Director del Instituto de F\u00edsica<br>Universidad Aut\u00f3noma de Santo Domingo (UASD)<\/p>\n\n\n\n<p><em>Prof. Roberto Qui\u00f1ones<\/em><br>Coordinador del \u00c1rea de F\u00edsica<br>Instituto Tecnol\u00f3gico de Santo Domingo (INTEC)<\/p>\n<\/div>\n\n\n\n<div class=\"wp-block-column is-layout-flow wp-block-column-is-layout-flow\">\n<p><em>Dr.  <em>Fabrice Piazza<\/em><\/em><br>Escuela de Ciencias Naturales y Exactas<br>Pontificia Universidad Cat\u00f3lica Madre y Maestra (<br>PUCMM) &amp; Vicepresidente de SoDoFi<\/p>\n\n\n\n<p><em>Prof. <em>Cristian J. Casilla Barclay<\/em><\/em><br>Escuela de F\u00edsica<br>Universidad Aut\u00f3noma de Santo Domingo (UASD) &amp; Director de Finanzas de SoDoFi<\/p>\n<\/div>\n<\/div>\n\n\n\n<!--more-->\n\n\n\n<h3 class=\"wp-block-heading\">Comit\u00e9 Cient\u00edfico<\/h3>\n\n\n\n<p><strong>Coordinador general:<\/strong><\/p>\n\n\n\n<p><em>Dr. Juan M. L\u00f3pez Encarnaci\u00f3n<\/em><br>Departamento de Matem\u00e1tica-F\u00edsica<br>Universidad de Puerto Rico en Cayey<br>Cayey, Puerto Rico<\/p>\n\n\n\n<p><strong>Miembros por tem\u00e1tica:<\/strong><\/p>\n\n\n\n<div class=\"wp-block-columns is-layout-flex wp-container-core-columns-is-layout-9d6595d7 wp-block-columns-is-layout-flex\">\n<div class=\"wp-block-column is-layout-flow wp-block-column-is-layout-flow\">\n<p><strong>Ciencias de la Tierra:<\/strong><\/p>\n\n\n\n<p><em>Dr. Rafael M\u00e9ndez Tejeda<\/em><br>Director del Laboratorio de Ciencias Atmosf\u00e9ricas<br>Departamento de Ciencias Naturales<br>Universidad de Puerto Rico en Carolina<br>Carolina, Puerto Rico<\/p>\n\n\n\n<p><em>Prof. Mois\u00e9s \u00c1lvarez<\/em><br>Coordinador de la Comisi\u00f3n de Ciencias B\u00e1sicas y Tecnolog\u00eda de la Academia de Ciencias de la Rep\u00fablica Dominicana y Profesor de F\u00edsica en la Universidad Nacional Pedro Henr\u00edquez Ure\u00f1a<br>Santo Domingo, Rep\u00fablica Dominicana<\/p>\n\n\n\n<p><em>Dr. Juan Silvestre Payero de Jes\u00fas<\/em><br>Ciencias de la Tierra<br>Facultad de Ciencias<br>Universidad Nacional Aut\u00f3noma de M\u00e9xico<br>Ciudad de M\u00e9xico, M\u00e9xico<\/p>\n\n\n\n<p><strong>F\u00edsica Educativa:<\/strong><\/p>\n\n\n\n<p><em>Prof. Vinicio Romero<\/em><br>Consultor<br>\u00c1rea de Ciencias de la Naturaleza, Direcci\u00f3n General de Curr\u00edculo<br>Ministerio de Educaci\u00f3n de la Republica Dominicana (MINERD) y Coordinador de la Divisi\u00f3n de Educaci\u00f3n en F\u00edsica de SoDoFi<br>Santo Domingo, Rep\u00fablica Dominicana<\/p>\n\n\n\n<p><em>Dra. Mar\u00eda Teresa Garea<\/em><br>Grupo de L\u00e1ser, \u00d3ptica de Materiales y Aplicaciones Electromagn\u00e9ticas (GLOmAe)<br>Departamento de F\u00edsica, Facultad de Ingenier\u00eda, Universidad de Buenos Aires (UBA)<br>Buenos Aires, Argentina<\/p>\n\n\n\n<p><strong>Estado S\u00f3lido, Nanociencias y Nanotecnolog\u00eda:<\/strong><\/p>\n\n\n\n<p><em>Dr. Ram Katiyar<\/em><br>Departamento de F\u00edsica<br>Universidad de Puerto Rico, Recinto R\u00edo Piedras<br>San Juan, Puerto Rico, USA<\/p>\n\n\n\n<p><em>Dr. Julius Jellinek<\/em><br>Chemical Sciences and Engineering Division<br>Argonne National Laboratory<br>Illinois, USA<\/p>\n\n\n\n<p><em>Dr. Gerardo Morell<\/em><br>Departamento de F\u00edsica<br>Universidad de Puerto Rico, Recinto R\u00edo Piedras<br>Director, PR NASA Space Grant Consortium<br>Director, PR NASA EPSCoR Program<br>San Juan, Puerto Rico<\/p>\n\n\n\n<p><em>Dr. Lorenzo Caputi<\/em><br>Dipartimento di F\u00edsica<br>Universit\u00e0 della Calabria<br>Calabria, Italia<\/p>\n\n\n\n<p><em>Dr. Julian Velev<\/em><br>Departamento de F\u00edsica<br>Universidad de Puerto Rico, Recinto R\u00edo Piedras<br>San Juan, Puerto Rico, USA<\/p>\n\n\n\n<p><em>Dr. Fabrice Piazza<\/em><br>Escuela de Ciencias Naturales y Exactas<br>Pontificia Universidad Cat\u00f3lica Madre y Maestra (PUCMM-Santiago)<br>Santiago, Rep\u00fablica Dominicana<\/p>\n\n\n\n<p><em>Dra. Liliana P\u00e9rez<\/em><br>Grupo de L\u00e1ser, \u00d3ptica de Materiales y Aplicaciones Electromagn\u00e9ticas (GLOmAe)<br>Departamento de F\u00edsica, Facultad de Ingenier\u00eda, Universidad de Buenos Aires (UBA)<br>Buenos Aires, Argentina<\/p>\n\n\n\n<p><em>Dr. Edgar Mosquera<\/em><br>Departamento de F\u00edsica<br>Universidad del Valle<br>Valle del Cauca, Colombia<\/p>\n\n\n\n<p><em>Dr. Wilfredo Ota\u00f1o<\/em><br>Departamento de Matem\u00e1tica-F\u00edsica<br>Universidad de Puerto Rico en Cayey<br>Cayey, Puerto Rico<\/p>\n\n\n\n<p><em>Dr. Francisco Bezares<\/em><br>Departamento de Matem\u00e1tica-F\u00edsica<br>Universidad de Puerto Rico en Cayey<br>Cayey, Puerto Rico<\/p>\n\n\n\n<p><em>Dr. Jos\u00e9 Javier Saavedra-Arias<\/em><br>Director<br>Departamento de F\u00edsica<br>Universidad Nacional,<br>Heredia, Costa Rica<\/p>\n\n\n\n<p><strong>F\u00edsica M\u00e9dica:<\/strong><\/p>\n\n\n\n<p><em>Dr. Modesto Sosa<\/em><br>Departamento de Ingenier\u00eda F\u00edsica<br>Divisi\u00f3n de Ciencias e Ingenier\u00eda<br>Universidad de Guanajuato, Campus Le\u00f3n<br>Guanajuato, M\u00e9xico<\/p>\n\n\n\n<p><em>Herwin Speckter, MSc<\/em><br>Centro Gamma Knife Dominicano y Departamento de Radiolog\u00eda<br>Centro de Diagn\u00f3stico, Medicina Avanzada y Telemedicina (CEDIMAT)<br>Santo Domingo, Rep\u00fablica Dominicana<\/p>\n\n\n\n<p><em>Prof. Antonio Almonte<\/em><br>Instituto Oncol\u00f3gico Dr. Heriberto Peiter,<br>Santo Domingo, Rep\u00fablica Dominicana<\/p>\n<\/div>\n\n\n\n<div class=\"wp-block-column is-layout-flow wp-block-column-is-layout-flow\">\n<p><strong>F\u00edsica Matem\u00e1tica:<\/strong><\/p>\n\n\n\n<p><em>Dr. Andr\u00e9 LeClair<\/em><br>Department of Physics<br>Cornell University<br>Ithaca, New York, USA<\/p>\n\n\n\n<p><em>Dr. Alexander Shapovalov<\/em><br>Head of Department<br>Department of Theoretical Physics<br>Tomsk State University<br>Tomsk, Russia<\/p>\n\n\n\n<p><em>Dr. Marcelo Ubriaco<\/em><br>Departamento de F\u00edsica<br>Universidad de Puerto Rico, Recinto de R\u00edo Piedras<br>San Juan, Puerto Rico<\/p>\n\n\n\n<p><strong>F\u00edsica Estad\u00edstica y Termodin\u00e1mica:<\/strong><\/p>\n\n\n\n<p><em>Dr. Lutful Bari Bhuiyan<\/em><br>Departamento de F\u00edsica<br>Universidad de Puerto Rico, Recinto R\u00edo Piedras<br>San Juan, Puerto Rico<\/p>\n\n\n\n<p><em>Dr. Sebastian Bustingorry<\/em><br>\nInstituto de Nanociencias y Nanotecnolog\u00eda<br>\nCONICET-Centro At\u00f3mico Bariloche<br>\nBariloche, Argentina<\/p>\n\n\n\n<p><em>Dr. Gerardo Morell<\/em><br>Director<br>Instituto de F\u00edsica Aplicada<br>Universidad Nacional de San Luis<br>San Luis, Argentina<\/p>\n\n\n\n<p><em>Dr. Preston Moore<\/em><br>Director<br>West Center for Computational Chemistry and Drug Design<br>Professor of Chemistry &amp; Biochemistry, University of the Sciences of Philadelphia<br>Philadelphia, Pennsylvania, USA<\/p>\n\n\n\n<p><strong>Energ\u00eda:<\/strong><\/p>\n\n\n\n<p><em>Dr. Klimenko Alexander Viktorovich<\/em><br>Full Member of the Russian Academy of Sciences, Professor, Doctor of Engineering<br>Scientific coordinator of the Scientific and Technical Innovation Center of Energy-Saving Technologies and Engineering of the National Research University \u00abMoscow Power Engineering Institute\u00bb, chief research officer<\/p>\n\n\n\n<p><em>Dr. Gariaev Andrei<\/em><br>Head of Department<br>Department of Heat and Mass Transfer Processes and Installations<br>National Research University \u00abMoscow Power Engineering Institute\u00bb<\/p>\n\n\n\n<p><em>Dr. Emilio Bunel<\/em><br>School of Chemistry &amp; Pharmaceutical Chemistry<br>School of Engineering<br>Catholic University of Chile<br>Santiago, Chile<\/p>\n\n\n\n<p><em>Dr. Rodolfo Echarri<\/em><br>Instituto de Desarrollo Humano<br>Universidad Nacional de General Sarmiento (UNGS)<br>Buenos Aires, Argentina<\/p>\n\n\n\n<p><strong>Part\u00edculas y Campos:<\/strong><\/p>\n\n\n\n<p><em>Dr. Mayda M. Velasco Bonilla<\/em><br>Director of COFI Institute<br>Department of Physics and Astronomy<br>Northwestern University<br>Chicago, Illinois, USA<\/p>\n\n\n\n<p><em>Dr. Jos\u00e9 Nieves<\/em><br>Director<br>Departamento de F\u00edsica<br>Universidad de Puerto Rico, Recinto de R\u00edo Piedras<br>San Juan, Puerto Rico<\/p>\n\n\n\n<p><strong>Historia y Filosof\u00eda de la F\u00edsica:<\/strong><\/p>\n\n\n\n<p><em>Dr. Jorge Norberto Cornejo<\/em><br>Departamento de F\u00edsica, Facultad de Ingenier\u00eda<br>Universidad de Buenos Aires (UBA)<br>Buenos Aires, Argentina<\/p>\n<\/div>\n<\/div>\n","protected":false},"excerpt":{"rendered":"<p>Comit\u00e9s del VI CI-SoDoFi 2025 Comit\u00e9 Organizador Presidente: Dr. Melvin Arias PolancoEncargado del Laboratorio de Nanotecnolog\u00edaInstituto Tecnol\u00f3gico de Santo Domingo (INTEC) &amp;Vocal de SoDoFi &amp; Coordinador de la Divisi\u00f3n de Ciencias de Materiales de SoDoFi Coordinador general: Dra. Inna SamsonEncargada del Laboratorio de Energ\u00edas AlternativasInstituto Tecnol\u00f3gico de Santo Domingo (INTEC)Presidente de SoDoFi &amp; Coordinadora de [&hellip;]<\/p>\n","protected":false},"author":1,"featured_media":0,"parent":0,"menu_order":0,"comment_status":"closed","ping_status":"closed","template":"","meta":{"footnotes":""},"class_list":["post-462","page","type-page","status-publish","hentry"],"_links":{"self":[{"href":"https:\/\/www.sodofi.org\/ci-sodofi\/wp-json\/wp\/v2\/pages\/462","targetHints":{"allow":["GET"]}}],"collection":[{"href":"https:\/\/www.sodofi.org\/ci-sodofi\/wp-json\/wp\/v2\/pages"}],"about":[{"href":"https:\/\/www.sodofi.org\/ci-sodofi\/wp-json\/wp\/v2\/types\/page"}],"author":[{"embeddable":true,"href":"https:\/\/www.sodofi.org\/ci-sodofi\/wp-json\/wp\/v2\/users\/1"}],"replies":[{"embeddable":true,"href":"https:\/\/www.sodofi.org\/ci-sodofi\/wp-json\/wp\/v2\/comments?post=462"}],"version-history":[{"count":5,"href":"https:\/\/www.sodofi.org\/ci-sodofi\/wp-json\/wp\/v2\/pages\/462\/revisions"}],"predecessor-version":[{"id":541,"href":"https:\/\/www.sodofi.org\/ci-sodofi\/wp-json\/wp\/v2\/pages\/462\/revisions\/541"}],"wp:attachment":[{"href":"https:\/\/www.sodofi.org\/ci-sodofi\/wp-json\/wp\/v2\/media?parent=462"}],"curies":[{"name":"wp","href":"https:\/\/api.w.org\/{rel}","templated":true}]}}